{"id":215,"date":"2018-04-27T21:33:26","date_gmt":"2018-04-27T21:33:26","guid":{"rendered":"https:\/\/digitallyboosted.com\/?page_id=215"},"modified":"2018-05-26T08:19:47","modified_gmt":"2018-05-26T08:19:47","slug":"gestion-de-redes-sociales","status":"publish","type":"page","link":"https:\/\/digitallyboosted.com\/es\/gestion-de-redes-sociales\/","title":{"rendered":"Gesti\u00f3n De Redes Sociales"},"content":{"rendered":"<p>[vc_row content_placement=&#8221;bottom&#8221; el_class=&#8221;int-row&#8221;][vc_column width=&#8221;5\/6&#8243;][vc_column_text]<\/p>\n<h2>Socializa Tu Marca<\/h2>\n<p>[\/vc_column_text][vc_row_inner content_placement=&#8221;middle&#8221;][vc_column_inner width=&#8221;1\/4&#8243;][vc_single_image source=&#8221;external_link&#8221; external_img_size=&#8221;full&#8221; css_animation=&#8221;left-to-right&#8221; custom_src=&#8221;https:\/\/digitallyboosted.com\/es\/wp-content\/uploads\/sites\/3\/2018\/04\/social_icn.png&#8221;][\/vc_column_inner][vc_column_inner width=&#8221;3\/4&#8243;][vc_column_text]Manejamos tus redes sociales con objetivos claros y an\u00e1lisis de efectividad. Compartimos tu historia con usuarios en facebook, twitter,instagram y otras redes con el fin de lograr alcanzar tus metas, ya sea incrementar las ventas de productos existentes o el lanzamiento de un nuevo servicio. Estamos aqu\u00ed para conectarte con clientes potenciales.[\/vc_column_text][\/vc_column_inner][\/vc_row_inner][\/vc_column][vc_column width=&#8221;1\/6&#8243;][\/vc_column][\/vc_row][vc_row full_width=&#8221;stretch_row&#8221; equal_height=&#8221;yes&#8221; content_placement=&#8221;middle&#8221; css=&#8221;.vc_custom_1525389883207{background-image: url(https:\/\/digitallyboosted.com\/es\/wp-content\/uploads\/sites\/3\/2018\/05\/socialmedia-introw.jpg?id=283) !important;background-position: center !important;background-repeat: no-repeat !important;background-size: cover !important;}&#8221; el_class=&#8221;int-row-b&#8221;][vc_column][vc_column_text]<\/p>\n<h2>We provide:<\/h2>\n<p>[\/vc_column_text][vc_row_inner][vc_column_inner width=&#8221;1\/2&#8243;][vc_column_text]<\/p>\n<h3><i class=\"fas fa-caret-right\"><\/i> Gesti\u00f3n de redes sociales adecuadas a tu audiencia<\/h3>\n<h3><i class=\"fas fa-caret-right\"><\/i> An\u00e1lisis de tu marca y medios viables<\/h3>\n<h3><i class=\"fas fa-caret-right\"><\/i> Dise\u00f1o gr\u00e1fico<\/h3>\n<p>[\/vc_column_text][\/vc_column_inner][vc_column_inner width=&#8221;1\/2&#8243;][vc_column_text]<\/p>\n<h3><i class=\"fas fa-caret-right\"><\/i> Creaci\u00f3n y publicaci\u00f3n de contenido con llamadas a acci\u00f3n especificas<\/h3>\n<h3><i class=\"fas fa-caret-right\"><\/i> Reporte mensual de actividades<\/h3>\n<p>[\/vc_column_text][\/vc_column_inner][\/vc_row_inner][\/vc_column][\/vc_row][vc_row full_width=&#8221;stretch_row&#8221; content_placement=&#8221;middle&#8221; css=&#8221;.vc_custom_1524093180897{background-image: url(https:\/\/digitallyboosted.com\/es\/wp-content\/uploads\/sites\/3\/2018\/04\/services-bg.png?id=42) !important;background-position: center !important;background-repeat: no-repeat !important;background-size: cover !important;}&#8221; el_class=&#8221;home-services-row&#8221;][vc_column][vc_column_text]<\/p>\n<h2 style=\"text-align: center;\">Otros Servicios<\/h2>\n<p>[\/vc_column_text][vc_row_inner][vc_column_inner el_class=&#8221;home-services-item&#8221; width=&#8221;1\/3&#8243;][vc_single_image source=&#8221;external_link&#8221; external_img_size=&#8221;80&#215;70&#8243; alignment=&#8221;center&#8221; onclick=&#8221;custom_link&#8221; custom_src=&#8221;https:\/\/digitallyboosted.com\/es\/wp-content\/uploads\/sites\/3\/2018\/04\/ui-icn.png&#8221; link=&#8221;https:\/\/digitallyboosted.com\/es\/diseno-sitios-web\/&#8221;][vc_column_text el_class=&#8221;service-int-item&#8221;]<\/p>\n<h3 style=\"text-align: center;\"><a href=\"https:\/\/digitallyboosted.com\/es\/diseno-sitios-web\/\">Dise\u00f1o Web<\/a><\/h3>\n<p>[\/vc_column_text][\/vc_column_inner][vc_column_inner el_class=&#8221;home-services-item&#8221; width=&#8221;1\/3&#8243;][vc_single_image source=&#8221;external_link&#8221; external_img_size=&#8221;80&#215;70&#8243; alignment=&#8221;center&#8221; onclick=&#8221;custom_link&#8221; custom_src=&#8221;https:\/\/digitallyboosted.com\/es\/wp-content\/uploads\/sites\/3\/2018\/04\/dev_icn.png&#8221; link=&#8221;https:\/\/digitallyboosted.com\/es\/desarrollo\/&#8221;][vc_column_text el_class=&#8221;service-int-item&#8221;]<\/p>\n<h3 style=\"text-align: center;\"><a href=\"https:\/\/digitallyboosted.com\/es\/desarrollo\/\">Desarrollo<\/a><\/h3>\n<p>[\/vc_column_text][\/vc_column_inner][vc_column_inner el_class=&#8221;home-services-item&#8221; width=&#8221;1\/3&#8243;][vc_single_image source=&#8221;external_link&#8221; external_img_size=&#8221;80&#215;70&#8243; alignment=&#8221;center&#8221; onclick=&#8221;custom_link&#8221; custom_src=&#8221;https:\/\/digitallyboosted.com\/es\/wp-content\/uploads\/sites\/3\/2018\/04\/email-icn.png&#8221; link=&#8221;https:\/\/digitallyboosted.com\/es\/email-marketing\/&#8221;][vc_column_text el_class=&#8221;service-int-item&#8221;]<\/p>\n<h3 style=\"text-align: center;\"><a href=\"https:\/\/digitallyboosted.com\/es\/email-marketing\/\">E-mail Marketing<\/a><\/h3>\n<p>[\/vc_column_text][\/vc_column_inner][\/vc_row_inner][vc_row_inner][vc_column_inner el_class=&#8221;home-services-item&#8221; width=&#8221;1\/3&#8243;][vc_single_image source=&#8221;external_link&#8221; external_img_size=&#8221;80&#215;70&#8243; alignment=&#8221;center&#8221; onclick=&#8221;custom_link&#8221; custom_src=&#8221;https:\/\/digitallyboosted.com\/es\/wp-content\/uploads\/sites\/3\/2018\/04\/seo_icn.png&#8221; link=&#8221;https:\/\/digitallyboosted.com\/es\/seo\/&#8221;][vc_column_text el_class=&#8221;service-int-item&#8221;]<\/p>\n<h3 style=\"text-align: center;\"><a href=\"https:\/\/digitallyboosted.com\/es\/seo\/\">SEO<\/a><\/h3>\n<p>[\/vc_column_text][\/vc_column_inner][vc_column_inner el_class=&#8221;home-services-item&#8221; width=&#8221;1\/3&#8243;][vc_single_image source=&#8221;external_link&#8221; external_img_size=&#8221;80&#215;70&#8243; alignment=&#8221;center&#8221; onclick=&#8221;custom_link&#8221; custom_src=&#8221;https:\/\/digitallyboosted.com\/es\/wp-content\/uploads\/sites\/3\/2018\/04\/gd_icon.png&#8221; link=&#8221;https:\/\/digitallyboosted.com\/es\/diseno-grafico\/&#8221;][vc_column_text el_class=&#8221;service-int-item&#8221;]<\/p>\n<h3 style=\"text-align: center;\"><a href=\"https:\/\/digitallyboosted.com\/es\/diseno-grafico\/\">Dise\u00f1o Gr\u00e1fico<\/a><\/h3>\n<p>[\/vc_column_text][\/vc_column_inner][vc_column_inner width=&#8221;1\/3&#8243;][\/vc_column_inner][\/vc_row_inner][\/vc_column][\/vc_row][vc_row full_width=&#8221;stretch_row&#8221; el_class=&#8221;cta&#8221; css=&#8221;.vc_custom_1524150687697{background-color: #0a55b0 !important;background-position: center !important;background-repeat: no-repeat !important;background-size: cover !important;}&#8221;][vc_column][vc_column_text]<\/p>\n<h2 style=\"text-align: center;\">\u00bfEst\u00e1s listo para trabajar con nosotros?<\/h2>\n<p style=\"text-align: center;\"><span style=\"color: #ffffff;\">Contact us to discuss your next project.<\/span><\/p>\n<p style=\"text-align: center;\"><a href=\"https:\/\/digitallyboosted.com\/es\/contacto\/\">PONTE EN CONTACTO<\/a><\/p>\n<p>[\/vc_column_text][\/vc_column][\/vc_row]<\/p>\n","protected":false},"excerpt":{"rendered":"<p>[vc_row content_placement=&#8221;bottom&#8221; el_class=&#8221;int-row&#8221;][vc_column width=&#8221;5\/6&#8243;][vc_column_text] Socializa Tu Marca [\/vc_column_text][vc_row_inner content_placement=&#8221;middle&#8221;][vc_column_inner width=&#8221;1\/4&#8243;][vc_single_image source=&#8221;external_link&#8221; external_img_size=&#8221;full&#8221; css_animation=&#8221;left-to-right&#8221; custom_src=&#8221;https:\/\/digitallyboosted.com\/es\/wp-content\/uploads\/sites\/3\/2018\/04\/social_icn.png&#8221;][\/vc_column_inner][vc_column_inner width=&#8221;3\/4&#8243;][vc_column_text]Manejamos tus redes sociales con objetivos claros y an\u00e1lisis de efectividad. Compartimos tu historia con usuarios en facebook, twitter,instagram y otras redes con el fin de lograr alcanzar tus metas, ya sea incrementar las ventas de productos existentes o el lanzamiento<a class=\"read-article\" href=\"https:\/\/digitallyboosted.com\/es\/gestion-de-redes-sociales\/\"> &#8230;<i class=\"fas fa-plus-circle\"><\/i><\/a><\/p>\n","protected":false},"author":2,"featured_media":300,"parent":0,"menu_order":0,"comment_status":"closed","ping_status":"closed","template":"page-templates\/interiores.php","meta":{"_monsterinsights_skip_tracking":false,"_monsterinsights_sitenote_active":false,"_monsterinsights_sitenote_note":"","_monsterinsights_sitenote_category":0,"footnotes":""},"_links":{"self":[{"href":"https:\/\/digitallyboosted.com\/es\/wp-json\/wp\/v2\/pages\/215"}],"collection":[{"href":"https:\/\/digitallyboosted.com\/es\/wp-json\/wp\/v2\/pages"}],"about":[{"href":"https:\/\/digitallyboosted.com\/es\/wp-json\/wp\/v2\/types\/page"}],"author":[{"embeddable":true,"href":"https:\/\/digitallyboosted.com\/es\/wp-json\/wp\/v2\/users\/2"}],"replies":[{"embeddable":true,"href":"https:\/\/digitallyboosted.com\/es\/wp-json\/wp\/v2\/comments?post=215"}],"version-history":[{"count":6,"href":"https:\/\/digitallyboosted.com\/es\/wp-json\/wp\/v2\/pages\/215\/revisions"}],"predecessor-version":[{"id":453,"href":"https:\/\/digitallyboosted.com\/es\/wp-json\/wp\/v2\/pages\/215\/revisions\/453"}],"wp:featuredmedia":[{"embeddable":true,"href":"https:\/\/digitallyboosted.com\/es\/wp-json\/wp\/v2\/media\/300"}],"wp:attachment":[{"href":"https:\/\/digitallyboosted.com\/es\/wp-json\/wp\/v2\/media?parent=215"}],"curies":[{"name":"wp","href":"https:\/\/api.w.org\/{rel}","templated":true}]}}